{"id":315,"date":"2022-09-28T20:59:51","date_gmt":"2022-09-28T20:59:51","guid":{"rendered":"https:\/\/www.rechtsanwalt-buddeke.de\/?page_id=315"},"modified":"2022-09-28T21:11:37","modified_gmt":"2022-09-28T21:11:37","slug":"strafrecht","status":"publish","type":"page","link":"https:\/\/www.rechtsanwalt-buddeke.de\/index.php\/strafrecht\/","title":{"rendered":"Strafrecht"},"content":{"rendered":"\n<div class=\"wp-block-columns alignwide is-layout-flex wp-container-core-columns-is-layout-28f84493 wp-block-columns-is-layout-flex gtfy-11\">\n<div class=\"wp-block-column is-layout-flow wp-block-column-is-layout-flow gtfy-10\" style=\"flex-basis:100%\">\n<h2 class=\"wp-block-heading gtfy-1\">Bundesweite Fachberatung vom Spezialisten<\/h2>\n\n\n\n<div class=\"wp-block-columns is-layout-flex wp-container-core-columns-is-layout-28f84493 wp-block-columns-is-layout-flex gtfy-8\">\n<div class=\"wp-block-column is-layout-flow wp-block-column-is-layout-flow gtfy-4\">\n<p class=\"gtfy-2\">Eine besondere Kernkompetenz meiner juristischen Aktivit\u00e4ten stellt das Strafrecht dar. Als Straf- und Pflichtverteidiger stehe ich Ihnen beratend zur Seite und trete sowohl au\u00dfergerichtlich als auch vor Gericht f\u00fcr Sie und Ihr gutes Recht ein.<\/p>\n\n\n\n<p class=\"gtfy-3\">Sobald Sie beispielsweise eine Vorladung erhalten haben oder Ihre privaten oder gesch\u00e4ftlichen R\u00e4ume oder Fahrzeuge durchsucht wurden, sollten Sie sich schnellstm\u00f6glich mit mir als Ihren Anwalt f\u00fcr Strafrecht wenden. Ich vertrete Mandanten aus\u00a0<strong>ganz Deutschland\u00a0<\/strong>und begegnen ihnen stets auf Augenh\u00f6he.<\/p>\n<\/div>\n\n\n\n<div class=\"wp-block-column is-layout-flow wp-block-column-is-layout-flow gtfy-7\">\n<p class=\"gtfy-5\">Die Rechtsanwaltskanzlei Buddeke ist f\u00fcr Sie da, wenn Ihnen eine der folgenden Straftaten vorgeworfen wird:<\/p>\n\n\n\n<ul class=\"wp-block-list gtfy-6\"><li>Diebstahl<\/li><li>Betrug<\/li><li>Drogendelikt<\/li><li>Sexualdelikt<\/li><li>Wirtschaftsdelikt<\/li><li>N\u00f6tigung<\/li><li>Brandstiftung<\/li><li>Urkunden- und Dokumentenf\u00e4lschung<\/li><li>Bestechung<\/li><li>K\u00f6rperverletzung mit Todesfolge<\/li><\/ul>\n<\/div>\n<\/div>\n\n\n\n<hr class=\"wp-block-separator has-alpha-channel-opacity is-style-wide gtfy-9\"\/>\n<\/div>\n<\/div>\n\n\n\n<h2 class=\"alignwide wp-block-heading gtfy-14\">Welche Aufgaben \u00fcbernimmt ein Anwalt f\u00fcr Strafrecht?<\/h2>\n\n\n\n<div class=\"wp-block-columns alignwide is-layout-flex wp-container-core-columns-is-layout-28f84493 wp-block-columns-is-layout-flex gtfy-23\">\n<div class=\"wp-block-column is-layout-flow wp-block-column-is-layout-flow gtfy-19\">\n<p class=\"gtfy-17\">Sobald Sie einer Straftat verd\u00e4chtigt oder sogar beschuldigt werden, sollten Sie so schnell wie m\u00f6glich Kontakt zu einem Rechtsanwalt aufnehmen, der Sie durch alle Phasen des Strafverfahrens begleitet.<\/p>\n\n\n\n<p class=\"gtfy-18\">Als zu Recht oder zu Unrecht Beschuldigter haben Sie zu jeder Zeit des Strafverfahrens den Anspruch Ihre Aussage zu verweigern. Dieses Recht nennt sich&nbsp;<strong>Schweigerecht<\/strong>. Sie sind zu keinem Zeitpunkt zu einer Aussage verpflichtet und sollten sich darauf, vor allem, wenn Sie noch keinen Rechtsbeistand an Ihrer Seite haben, berufen.<\/p>\n<\/div>\n\n\n\n<div class=\"wp-block-column is-layout-flow wp-block-column-is-layout-flow gtfy-22\">\n<p class=\"gtfy-20\">Meine Aufgabe ist es, Sie in allen Bereichen des Verfahrens zu beraten und Sie vor Gericht zu verteidigen. Mit meinem Expertenwissen befasse ich mich eingehend mit der Akteneinsicht und erarbeite anhand dieser eine\u00a0<strong>ma\u00dfgeschneiderte Verteidigungsstrategie<\/strong>. Mein Ziel und Anspruch ist es, Ihnen als Angeklagten zu einem milden\u00a0<strong>Urteilsspruch\u00a0<\/strong>und\u00a0<strong>Strafma\u00df\u00a0<\/strong>zu verhelfen, ganz unabh\u00e4ngig von der eigentlichen Schuldfrage.<\/p>\n\n\n\n<p class=\"gtfy-21\">Lernen Sie mich als Ihren Rechtsanwalt\u00a0f\u00fcr Strafrecht und Ihre Rechtsvertretung kennen. Ich bin gerne f\u00fcr Sie und Ihre individuellen Rechtsanliegen da!<\/p>\n<\/div>\n<\/div>\n\n\n\n<hr class=\"wp-block-separator alignwide has-alpha-channel-opacity is-style-wide gtfy-26\"\/>\n\n\n\n<h2 class=\"alignwide wp-block-heading gtfy-29\">Sie haben Fragen zum Strafrecht \u2013 ich habe die Antworten!<\/h2>\n\n\n\n<div class=\"wp-block-columns alignwide is-layout-flex wp-container-core-columns-is-layout-28f84493 wp-block-columns-is-layout-flex gtfy-41\">\n<div class=\"wp-block-column is-layout-flow wp-block-column-is-layout-flow gtfy-35\">\n<p class=\"gtfy-32\">Sobald es um gerichtliche Vorladungen geht oder eine Strafverfolgung im Allgemeinen, kommen diverse Fragen auf, die sich von einem erfahrenen Rechtsanwalt am besten beantworten lassen. Nachfolgend habe ich Ihnen weitere wichtige Fragen zum Thema Strafrecht mit den passenden Antworten zusammengefasst.<\/p>\n\n\n\n<p class=\"gtfy-33\"><strong>Wer tr\u00e4gt die Kosten f\u00fcr das Gerichtsverfahren und den Rechtsanwalt?<\/strong><\/p>\n\n\n\n<p class=\"gtfy-34\">Bei der Frage nach den Anwalts- und Verfahrenskosten gibt es zwei m\u00f6gliche Zahlungspflichtige. Bei einem&nbsp;<strong>Schuldspruch&nbsp;<\/strong>muss der&nbsp;<strong>Angeklagte&nbsp;<\/strong>f\u00fcr seine eigenen Anwaltskosten und die der Gegenseite, sprich die des Kl\u00e4gers, aufkommen. Wird die Anklage jedoch fallengelassen und der Prozess endet mit einem&nbsp;<strong>Freispruch<\/strong>, tr\u00e4gt der&nbsp;<strong>Staat&nbsp;<\/strong>s\u00e4mtliche Kosten.<\/p>\n<\/div>\n\n\n\n<div class=\"wp-block-column is-layout-flow wp-block-column-is-layout-flow gtfy-40\">\n<p class=\"gtfy-36\"><strong>Auf welcher Grundlage und wann wird ein Ermittlungsverfahren eingeleitet?<\/strong><\/p>\n\n\n\n<p class=\"gtfy-37\">Sobald der Polizei oder Staatsanwaltschaft konkrete Hinweise vorliegen, dass es sich bei den Handlungen des Angeklagten um eine&nbsp;<strong>Straftat&nbsp;<\/strong>handelt, wird ein Ermittlungsverfahren eingeleitet.<\/p>\n\n\n\n<p class=\"gtfy-38\"><strong>Eine Vorladung erhalten: Wann ist Folge zu leisten?<\/strong><\/p>\n\n\n\n<p class=\"gtfy-39\">Das kommt darauf an, wer Sie vorladen m\u00f6chte. Wenn es sich um eine Vorladung zu Vernehmungszwecken vonseiten der Polizei handelt, sind Sie&nbsp;<strong>nicht&nbsp;<\/strong>dazu verpflichtet, dort zu erscheinen. Anders sieht das bei der richterlichen oder einer Ladung vonseiten der Staatsanwaltschaft aus. Hier sind Sie zum Erscheinen&nbsp;<strong>verpflichtet<\/strong>.<\/p>\n<\/div>\n<\/div>\n\n\n\n<hr class=\"wp-block-separator alignwide has-alpha-channel-opacity is-style-wide gtfy-44\"\/>\n\n\n\n<h2 class=\"alignwide wp-block-heading gtfy-47\">Bundesweite Rechtsberatung vom erfahrenen Rechtsanwalt<\/h2>\n\n\n\n<div class=\"wp-block-columns alignwide is-layout-flex wp-container-core-columns-is-layout-28f84493 wp-block-columns-is-layout-flex gtfy-52\">\n<div class=\"wp-block-column is-layout-flow wp-block-column-is-layout-flow gtfy-51\" style=\"flex-basis:100%\">\n<p class=\"gtfy-50\">Sie haben noch weitere Fragen zum Strafrecht oder unseren anderen\u00a0<a href=\"https:\/\/www.ra-os.de\/unsere-rechtsgebiete\/\">Rechtsgebieten<\/a>? Sie ben\u00f6tigen einen erfahrenen Rechtsanwalt, der Sie durch die Phasen des Strafverfahrens begleitet? Z\u00f6gern Sie nicht und kontaktieren Sie mich telefonisch oder senden Sie mir Ihre detaillierte Anfrage direkt \u00fcber unser\u00a0<a href=\"https:\/\/www.rechtsanwalt-buddeke.de\/index.php\/home#kontakt\/\" data-type=\"URL\" data-id=\"https:\/\/www.rechtsanwalt-buddeke.de\/index.php\/home#kontakt\/\">Kontaktformular<\/a>.<\/p>\n<\/div>\n<\/div>\n","protected":false},"excerpt":{"rendered":"<p>Bundesweite Fachberatung vom Spezialisten Eine besondere Kernkompetenz meiner juristischen Aktivit\u00e4ten stellt das Strafrecht dar. Als [&hellip;]<\/p>\n","protected":false},"author":1,"featured_media":0,"parent":0,"menu_order":0,"comment_status":"closed","ping_status":"closed","template":"","meta":{"advanced_seo_description":"","jetpack_seo_html_title":"","jetpack_seo_noindex":false,"footnotes":""},"class_list":["post-315","page","type-page","status-publish","hentry"],"jetpack_sharing_enabled":true,"_links":{"self":[{"href":"https:\/\/www.rechtsanwalt-buddeke.de\/index.php\/wp-json\/wp\/v2\/pages\/315","targetHints":{"allow":["GET"]}}],"collection":[{"href":"https:\/\/www.rechtsanwalt-buddeke.de\/index.php\/wp-json\/wp\/v2\/pages"}],"about":[{"href":"https:\/\/www.rechtsanwalt-buddeke.de\/index.php\/wp-json\/wp\/v2\/types\/page"}],"author":[{"embeddable":true,"href":"https:\/\/www.rechtsanwalt-buddeke.de\/index.php\/wp-json\/wp\/v2\/users\/1"}],"replies":[{"embeddable":true,"href":"https:\/\/www.rechtsanwalt-buddeke.de\/index.php\/wp-json\/wp\/v2\/comments?post=315"}],"version-history":[{"count":4,"href":"https:\/\/www.rechtsanwalt-buddeke.de\/index.php\/wp-json\/wp\/v2\/pages\/315\/revisions"}],"predecessor-version":[{"id":323,"href":"https:\/\/www.rechtsanwalt-buddeke.de\/index.php\/wp-json\/wp\/v2\/pages\/315\/revisions\/323"}],"wp:attachment":[{"href":"https:\/\/www.rechtsanwalt-buddeke.de\/index.php\/wp-json\/wp\/v2\/media?parent=315"}],"curies":[{"name":"wp","href":"https:\/\/api.w.org\/{rel}","templated":true}]}}