{"id":145,"date":"2022-09-18T13:09:19","date_gmt":"2022-09-18T13:09:19","guid":{"rendered":"https:\/\/www.rechtsanwalt-buddeke.de\/?page_id=145"},"modified":"2022-09-26T21:37:46","modified_gmt":"2022-09-26T21:37:46","slug":"arbeitsrecht","status":"publish","type":"page","link":"https:\/\/www.rechtsanwalt-buddeke.de\/index.php\/arbeitsrecht\/","title":{"rendered":"Arbeitsrecht"},"content":{"rendered":"\n<h2 class=\"wp-block-heading gtfy-1\">Ich setze mich f\u00fcr Sie ein und das bundesweit<\/h2>\n\n\n\n<div class=\"wp-block-columns is-layout-flex wp-container-core-columns-is-layout-28f84493 wp-block-columns-is-layout-flex gtfy-9\">\n<div class=\"wp-block-column is-layout-flow wp-block-column-is-layout-flow gtfy-6\">\n<p class=\"gtfy-4\">Kommen Sie zu uns, sobald&nbsp;<strong>Probleme und Interessenkonflikte<\/strong>&nbsp;auftreten, die das Arbeitsrecht ber\u00fchren. Denn ich bin Ihr kompetenter Ansprechpartner bei allen Fragen, die Sie jetzt umtreiben.<\/p>\n\n\n\n<p class=\"gtfy-5\">Handeln Sie rechtzeitig und sichern Sie sich meine Mitwirkung, denn die Probleme in diesem Feld sind h\u00e4ufig existenzieller Art.<\/p>\n<\/div>\n\n\n\n<div class=\"wp-block-column is-layout-flow wp-block-column-is-layout-flow gtfy-8\">\n<p class=\"gtfy-7\">Aus der Arbeit beziehen die abh\u00e4ngig Besch\u00e4ftigten ihre Eink\u00fcnfte, wovon die wirtschaftliche \u00dcberlebensf\u00e4higkeit abh\u00e4ngt. Gleichzeitig ergeben sich aus den arbeitsvertraglichen Beziehungen f\u00fcr den Arbeitgeber Verpflichtungen und Kosten. Tritt hier ein Konflikt auf, resultieren daraus h\u00e4ufig massive finanzielle Nachteile. Aus diesem Grund ist es so wichtig, Unterst\u00fctzung bei einem&nbsp;<strong>kompetenten Rechtsanwalt<\/strong>&nbsp;zu suchen.<\/p>\n<\/div>\n<\/div>\n\n\n\n<div class=\"wp-block-columns is-layout-flex wp-container-core-columns-is-layout-28f84493 wp-block-columns-is-layout-flex gtfy-25\">\n<div class=\"wp-block-column is-layout-flow wp-block-column-is-layout-flow gtfy-19\">\n<h2 class=\"wp-block-heading gtfy-12\">Setzen Sie auf die F\u00e4higkeiten eines versierten Anwaltes<\/h2>\n\n\n\n<p class=\"gtfy-13\">Kommen Sie zu mir, ich helfe Ihnen dabei, Ihre Interessen im Arbeitsrecht durchzusetzen. Meine Beratung und Vertretung ist wichtig f\u00fcr&nbsp;<strong>Arbeitnehmer und Arbeitgeber<\/strong>&nbsp;gleicherma\u00dfen, f\u00fcr leitende Angestellte und Gesch\u00e4ftsf\u00fchrer sowie f\u00fcr Betriebsr\u00e4te, Personalvertretungen und Auszubildende.<\/p>\n\n\n\n<p class=\"gtfy-14\">Ich \u00fcbernehmen die<strong>&nbsp;gesetzliche und au\u00dfergesetzliche Vertretung<\/strong>&nbsp;Ihrer Interessen und leiste in allen Rechtsfragen eine kompetente und sorgf\u00e4ltige Beratung. Damit bin ich bundesweit f\u00fcr Sie die erste Anlaufstelle im Arbeitsrecht. Ich bin erfahren im Recht der Arbeitnehmer\u00fcbersendung und Arbeitnehmer\u00fcberlassung, im Betriebsverfassungsrecht und im K\u00fcndigungsschutzrecht.<\/p>\n\n\n<div class=\"gutenify-section-layout-1 wp-block-gutenify-advance-slider gtfy-18 swiper\"><div class=\"swiper-wrapper\">\n\n<div class=\"wp-block-gutenify-advance-slide-item gutenify-block-slide-item-wrapper swiper-slide gutenify-section-7c0bd2a7-a409-4539-946c-a92bd219e0d3 gutenify-advance-slide-item-version-2 gtfy-16\">\n<figure class=\"wp-block-image size-full gtfy-15\"><img data-recalc-dims=\"1\" loading=\"lazy\" decoding=\"async\" width=\"270\" height=\"65\" src=\"https:\/\/i0.wp.com\/www.rechtsanwalt-buddeke.de\/wp-content\/uploads\/2022\/09\/Mitglied-der-Arbeitsgemeinschaft-Arbeitsrecht.jpg?resize=270%2C65&#038;ssl=1\" alt=\"\" class=\"wp-image-222\"\/><\/figure>\n<\/div>\n\n\n\n<div class=\"wp-block-gutenify-advance-slide-item gutenify-block-slide-item-wrapper swiper-slide gutenify-section-9a252e94-4228-4d78-a06a-1884e56bc20c gutenify-advance-slide-item-version-2 gtfy-17\"><\/div>\n\n<\/div><div class=\"navigation-wrap\">\n\t\t\t\t<div class=\"swiper-button-prev\"><\/div>\n\t\t\t\t<div class=\"swiper-button-next\"><\/div>\n\t\t\t<\/div><\/div><\/div>\n\n\n\n<div class=\"wp-block-column is-layout-flow wp-block-column-is-layout-flow gtfy-24\">\n<h2 class=\"wp-block-heading gtfy-20\">Ich biete Ihnen umfassende Leistungen an<\/h2>\n\n\n\n<p class=\"gtfy-21\">F\u00fcr meine Mandanten kann ich viele Aufgaben \u00fcbernehmen wie die Erstellung und Pr\u00fcfung von Arbeitszeugnissen, die Gestaltung und Pr\u00fcfung von Arbeitsvertr\u00e4gen und K\u00fcndigungsschutzklagen. K\u00fcndigungen bereite ich vor und helfe als&nbsp;<strong>Anwaltskanzlei<\/strong>&nbsp;bei der Durchf\u00fchrung und unterst\u00fctzen bei Betriebs\u00fcberg\u00e4ngen.<\/p>\n\n\n\n<p class=\"gtfy-22\">Sichern Sie sich meine Zusammenarbeit f\u00fcr Abmahnungen und Vertragsstrafen, die Pr\u00fcfung und Gestaltung von Aufhebungs- und Abfindungsvereinbarungen, die \u00dcbersetzung von&nbsp;<strong>Lohn und Gehaltsanspr\u00fcchen<\/strong>&nbsp;oder die Gestaltung und Pr\u00fcfung von Gesch\u00e4ftsf\u00fchrervertr\u00e4gen. Sie sehen bereits: Ich bin auf vielf\u00e4ltige Rechtsgebiet spezialisiert und Ihre erste Anlaufstelle f\u00fcr das Berufsbildungsrecht, das Teilzeit-Befristungsrecht, das Urlaubsrecht oder das Mutterschutz- und Elternzeitrecht.<\/p>\n\n\n\n<p class=\"gtfy-23\">Nutzen Sie die\u00a0<a href=\"https:\/\/www.rechtsanwalt-buddeke.de\/#kontakt\" data-type=\"URL\" data-id=\"https:\/\/www.rechtsanwalt-buddeke.de\/#kontakt\">Kontaktm\u00f6glichkeiten<\/a>\u00a0und erfahren Sie mehr zu meinem Leistungsprofil im\u00a0<strong>Arbeitsrecht<\/strong>!<\/p>\n<\/div>\n<\/div>\n","protected":false},"excerpt":{"rendered":"<p>Ich setze mich f\u00fcr Sie ein und das bundesweit Kommen Sie zu uns, sobald&nbsp;Probleme und [&hellip;]<\/p>\n","protected":false},"author":1,"featured_media":0,"parent":0,"menu_order":0,"comment_status":"closed","ping_status":"closed","template":"","meta":{"advanced_seo_description":"","jetpack_seo_html_title":"","jetpack_seo_noindex":false,"footnotes":""},"class_list":["post-145","page","type-page","status-publish","hentry"],"jetpack_sharing_enabled":true,"_links":{"self":[{"href":"https:\/\/www.rechtsanwalt-buddeke.de\/index.php\/wp-json\/wp\/v2\/pages\/145","targetHints":{"allow":["GET"]}}],"collection":[{"href":"https:\/\/www.rechtsanwalt-buddeke.de\/index.php\/wp-json\/wp\/v2\/pages"}],"about":[{"href":"https:\/\/www.rechtsanwalt-buddeke.de\/index.php\/wp-json\/wp\/v2\/types\/page"}],"author":[{"embeddable":true,"href":"https:\/\/www.rechtsanwalt-buddeke.de\/index.php\/wp-json\/wp\/v2\/users\/1"}],"replies":[{"embeddable":true,"href":"https:\/\/www.rechtsanwalt-buddeke.de\/index.php\/wp-json\/wp\/v2\/comments?post=145"}],"version-history":[{"count":7,"href":"https:\/\/www.rechtsanwalt-buddeke.de\/index.php\/wp-json\/wp\/v2\/pages\/145\/revisions"}],"predecessor-version":[{"id":271,"href":"https:\/\/www.rechtsanwalt-buddeke.de\/index.php\/wp-json\/wp\/v2\/pages\/145\/revisions\/271"}],"wp:attachment":[{"href":"https:\/\/www.rechtsanwalt-buddeke.de\/index.php\/wp-json\/wp\/v2\/media?parent=145"}],"curies":[{"name":"wp","href":"https:\/\/api.w.org\/{rel}","templated":true}]}}