{"id":139,"date":"2022-09-18T13:08:23","date_gmt":"2022-09-18T13:08:23","guid":{"rendered":"https:\/\/www.rechtsanwalt-buddeke.de\/?page_id=139"},"modified":"2023-09-16T20:44:23","modified_gmt":"2023-09-16T20:44:23","slug":"datenschutz","status":"publish","type":"page","link":"https:\/\/www.rechtsanwalt-buddeke.de\/index.php\/datenschutz\/","title":{"rendered":"Datenschutz"},"content":{"rendered":"\n<h3 class=\"wp-block-heading gutenify-section-3a48c650-54d1-11ee-806b-67119f77d06a gtfy-1\"><strong>Wer wir sind?<\/strong><\/h3>\n\n\n\n<p class=\"gutenify-section-3a493b80-54d1-11ee-806b-67119f77d06a gtfy-4\">Wir sind das Team der Kanzlei Buddeke. Wir betreiben die Website unter folgender Adresse: https:\/\/www.rechtsanwalt-buddeke.de<\/p>\n\n\n\n<hr class=\"wp-block-separator has-alpha-channel-opacity gutenify-section-936e6e10-54d1-11ee-806b-67119f77d06a gtfy-7\"\/>\n\n\n\n<h3 class=\"wp-block-heading gutenify-section-7f97fff0-54d1-11ee-806b-67119f77d06a gtfy-10\">Was passiert mit den Daten und Kommentaren die Sie auf unserer Seite eingeben?<\/h3>\n\n\n\n<p class=\"gutenify-section-3a4a7400-54d1-11ee-806b-67119f77d06a gtfy-13\">Wenn Besucher Kommentare oder E-Mails auf der Website schreiben, sammeln wir die Daten, die im Kommentar-Formular angezeigt werden, au\u00dferdem die IP-Adresse des Besuchers und den User-Agent-String (damit wird der Browser identifiziert), um die Erkennung von Spam zu unterst\u00fctzen.<\/p>\n\n\n\n<p class=\"gutenify-section-3a4ac220-54d1-11ee-806b-67119f77d06a gtfy-16\">Aus deiner E-Mail-Adresse kann eine anonymisierte Zeichenfolge erstellt (auch Hash genannt) und dem Gravatar-Dienst \u00fcbergeben werden, um zu pr\u00fcfen, ob du diesen benutzt. Die Datenschutzerkl\u00e4rung des Gravatar-Dienstes finden Sie hier:\u00a0<a href=\"https:\/\/automattic.com\/privacy\/\">https:\/\/automattic.com\/privacy\/<\/a>.<\/p>\n\n\n\n<p class=\"gutenify-section-a286def0-54d1-11ee-806b-67119f77d06a gtfy-19\"><\/p>\n\n\n\n<h3 class=\"wp-block-heading gutenify-section-3a4b1040-54d1-11ee-806b-67119f77d06a gtfy-22\">Was machen wir mit Ihren Daten in Cookies?<\/h3>\n\n\n\n<p class=\"gutenify-section-3a4b5e60-54d1-11ee-806b-67119f77d06a gtfy-25\">Wenn Sie einen Kommentar oder eine E-Mail auf unserer Website schreiben, verstehen wir dass als Ihre Einwilligung, Ihren Namen, E-Mail-Adresse und Website in Cookies zu speichern. Dies ist eine Komfortfunktion, damit Sie nicht, wenn Sie einen weiteren Kommentar oder E-Mail schreiben, all diese Daten erneut eingeben m\u00fcssen. Diese Cookies werden ein Jahr lang gespeichert.<\/p>\n\n\n\n<p class=\"gutenify-section-3a4b8570-54d1-11ee-806b-67119f77d06a gtfy-28\">Wenn Sie sich diese Seite das erstmal aufrufen, werden wir einige Cookies einrichten, um Anzeigeoptionen zu speichern.<\/p>\n\n\n\n<p class=\"gutenify-section-3a4bfaa0-54d1-11ee-806b-67119f77d06a gtfy-31\">Weitere Informationen bekommen Sie \u00fcber unsere Seite mit den\u00a0<a href=\"https:\/\/www.rechtsanwalt-buddeke.de\/index.php\/cookie-richtlinie-eu\/\">Cookie \u2013 Richtlinien<\/a>.<\/p>\n\n\n\n<p class=\"gutenify-section-a7705900-54d1-11ee-806b-67119f77d06a gtfy-34\"><\/p>\n\n\n\n<h3 class=\"wp-block-heading gutenify-section-3a4c21b0-54d1-11ee-806b-67119f77d06a gtfy-37\">Wie lange speichern wir Ihre Daten?<\/h3>\n\n\n\n<p class=\"gutenify-section-3a4c6fd0-54d1-11ee-806b-67119f77d06a gtfy-40\">Wenn Sie eine E-Mail oder einen Kommentar schreiben, wird dieser inklusive Metadaten zeitlich unbegrenzt gespeichert. Auf diese Art k\u00f6nnen wir Ihre Anfragen beantworten und Folgekommentare bzw. E-Mails automatisch erkennen und freigeben, anstatt sie in einer Moderations-Warteschlange festzuhalten.<\/p>\n\n\n\n<p class=\"gutenify-section-3a4c96e0-54d1-11ee-806b-67119f77d06a gtfy-43\">Alle Benutzer k\u00f6nnen jederzeit ihre pers\u00f6nlichen Informationen einsehen, ver\u00e4ndern oder l\u00f6schen. Wenden Sie Sich hierzu bitte an unsere IT-Administration \u00fcber diese E-Mail (<a href=\"mailto:datenschutz@logopaedie-brackmann.de\">datenschutz@rechtsanwalt-buddeke.de<\/a>). Sie k\u00f6nnen nat\u00fcrlich Ihre Informationen ebenfalls einsehen und ver\u00e4ndern.<\/p>\n\n\n\n<p class=\"gutenify-section-a8dabe70-54d1-11ee-806b-67119f77d06a gtfy-46\"><\/p>\n\n\n\n<h3 class=\"wp-block-heading gutenify-section-3a4d0c10-54d1-11ee-806b-67119f77d06a gtfy-49\">Welche Rechte haben Sie an Ihren Daten?<\/h3>\n\n\n\n<p class=\"gutenify-section-3a4d3320-54d1-11ee-806b-67119f77d06a gtfy-52\">Wenn Sie ein Konto auf dieser Website besitzen (was zur Zeit noch nicht m\u00f6glich ist) oder einen Kommentar bzw. eine E-Mail geschrieben haben, k\u00f6nnten Sie einen Export Ihrer personenbezogenen gespeicherten Daten bei uns anfordern, inklusive aller Daten, die du uns mitgeteilt hast.<\/p>\n\n\n\n<p class=\"gutenify-section-3a4d8140-54d1-11ee-806b-67119f77d06a gtfy-55\">Dar\u00fcber hinaus k\u00f6nnen Sie die L\u00f6schung aller Ihrer personenbezogenen Daten, die wir von Ihnen gespeichert haben, anfordern. Dies umfasst nicht die Daten, die wir aufgrund administrativer, rechtlicher oder sicherheitsrelevanter Notwendigkeiten aufbewahren m\u00fcssen.<\/p>\n\n\n\n<p class=\"gutenify-section-aadfdd40-54d1-11ee-806b-67119f77d06a gtfy-58\"><\/p>\n\n\n\n<h3 class=\"wp-block-heading gutenify-section-3a4da850-54d1-11ee-806b-67119f77d06a gtfy-61\">Wohin senden wir Ihre Daten?<\/h3>\n\n\n\n<p class=\"gutenify-section-3a4df670-54d1-11ee-806b-67119f77d06a gtfy-64\">Besucher-Kommentare k\u00f6nnten von einem automatisierten Dienst zur Spam-Erkennung untersucht werden. Ansonsten geben wir Ihre Daten die wir \u00fcber diese Website empfangen, nicht weiter.<\/p>\n\n\n\n<p class=\"gutenify-section-3a4e1d80-54d1-11ee-806b-67119f77d06a gtfy-67\"><\/p>\n","protected":false},"excerpt":{"rendered":"<p>Wer wir sind? Wir sind das Team der Kanzlei Buddeke. Wir betreiben die Website unter [&hellip;]<\/p>\n","protected":false},"author":1,"featured_media":0,"parent":0,"menu_order":0,"comment_status":"closed","ping_status":"closed","template":"","meta":{"advanced_seo_description":"","jetpack_seo_html_title":"","jetpack_seo_noindex":false,"footnotes":""},"class_list":["post-139","page","type-page","status-publish","hentry"],"jetpack_sharing_enabled":true,"_links":{"self":[{"href":"https:\/\/www.rechtsanwalt-buddeke.de\/index.php\/wp-json\/wp\/v2\/pages\/139","targetHints":{"allow":["GET"]}}],"collection":[{"href":"https:\/\/www.rechtsanwalt-buddeke.de\/index.php\/wp-json\/wp\/v2\/pages"}],"about":[{"href":"https:\/\/www.rechtsanwalt-buddeke.de\/index.php\/wp-json\/wp\/v2\/types\/page"}],"author":[{"embeddable":true,"href":"https:\/\/www.rechtsanwalt-buddeke.de\/index.php\/wp-json\/wp\/v2\/users\/1"}],"replies":[{"embeddable":true,"href":"https:\/\/www.rechtsanwalt-buddeke.de\/index.php\/wp-json\/wp\/v2\/comments?post=139"}],"version-history":[{"count":4,"href":"https:\/\/www.rechtsanwalt-buddeke.de\/index.php\/wp-json\/wp\/v2\/pages\/139\/revisions"}],"predecessor-version":[{"id":469,"href":"https:\/\/www.rechtsanwalt-buddeke.de\/index.php\/wp-json\/wp\/v2\/pages\/139\/revisions\/469"}],"wp:attachment":[{"href":"https:\/\/www.rechtsanwalt-buddeke.de\/index.php\/wp-json\/wp\/v2\/media?parent=139"}],"curies":[{"name":"wp","href":"https:\/\/api.w.org\/{rel}","templated":true}]}}