{"id":136,"date":"2022-09-18T13:08:06","date_gmt":"2022-09-18T13:08:06","guid":{"rendered":"https:\/\/www.rechtsanwalt-buddeke.de\/?page_id=136"},"modified":"2025-08-19T20:32:26","modified_gmt":"2025-08-19T20:32:26","slug":"impressum","status":"publish","type":"page","link":"https:\/\/www.rechtsanwalt-buddeke.de\/index.php\/impressum\/","title":{"rendered":"Impressum"},"content":{"rendered":"\n<div class=\"wp-block-columns is-layout-flex wp-container-core-columns-is-layout-28f84493 wp-block-columns-is-layout-flex gtfy-15\">\n<div class=\"wp-block-column is-layout-flow wp-block-column-is-layout-flow gtfy-12\" style=\"flex-basis:66.66%\">\n<h2 class=\"wp-block-heading gtfy-1\"><strong>Impressum mit Angaben gem\u00e4\u00df \u00a7 5 TMG<\/strong><\/h2>\n\n\n\n<h3 class=\"wp-block-heading gtfy-2\"><strong>Rechtsanwalt Stefan Buddeke<\/strong><\/h3>\n\n\n\n<p class=\"gtfy-3\">Rechtsanwaltskanzlei Buddeke<\/p>\n\n\n\n<p class=\"gtfy-4\">Gro\u00dfe Strasse 67<br>49074 Osnabr\u00fcck<\/p>\n\n\n\n<p class=\"gtfy-5\">Tel:&nbsp;&nbsp;&nbsp;&nbsp;&nbsp; +49 541 7709197-0<br>E-Mail: kanzlei@rechtsanwalt-buddeke.de<\/p>\n\n\n\n<p class=\"gtfy-6\"><strong>Gesetzliche Berufsbezeichnung<\/strong><\/p>\n\n\n\n<p class=\"gtfy-7\">Rechtsanwalt<\/p>\n\n\n\n<p class=\"gtfy-8\"><strong>Staat, in dem die Berufsbezeichnung verliehen wurde<\/strong><\/p>\n\n\n\n<p class=\"gtfy-9\">Bundesrepublik Deutschland<\/p>\n\n\n\n<p class=\"gtfy-10\"><strong>Texte und Fotos<br><\/strong>Hap Frerker (<a href=\"mailto:admin@rechtsanwalt-buddeke.de\">EMail<\/a>) &amp; Stefan Buddeke (<a href=\"mailto:admin@rechtsanwalt-buddeke.de\">EMail<\/a>)<\/p>\n\n\n\n<p class=\"gtfy-11\"><strong>Design, Gestaltung und Administration<br><\/strong>Hapnet Office Bremen (<a href=\"http:\/\/www.hapnet.de\/\">www.hapnet.de<\/a>)<\/p>\n<\/div>\n\n\n\n<div class=\"wp-block-column is-layout-flow wp-block-column-is-layout-flow gtfy-14\" style=\"flex-basis:33.33%\">\n<figure class=\"wp-block-image size-large is-resized has-custom-border is-style-default gtfy-13\"><img data-recalc-dims=\"1\" loading=\"lazy\" decoding=\"async\" width=\"683\" height=\"1024\" src=\"https:\/\/i0.wp.com\/www.rechtsanwalt-buddeke.de\/wp-content\/uploads\/2022\/09\/0014_Stefan_Buddeke_ret-2.jpg?resize=683%2C1024&#038;ssl=1\" alt=\"\" class=\"wp-image-11\" style=\"border-radius:10px;width:386px;height:579px\" srcset=\"https:\/\/i0.wp.com\/www.rechtsanwalt-buddeke.de\/wp-content\/uploads\/2022\/09\/0014_Stefan_Buddeke_ret-2-scaled.jpg?resize=683%2C1024&amp;ssl=1 683w, https:\/\/i0.wp.com\/www.rechtsanwalt-buddeke.de\/wp-content\/uploads\/2022\/09\/0014_Stefan_Buddeke_ret-2-scaled.jpg?resize=200%2C300&amp;ssl=1 200w, https:\/\/i0.wp.com\/www.rechtsanwalt-buddeke.de\/wp-content\/uploads\/2022\/09\/0014_Stefan_Buddeke_ret-2-scaled.jpg?resize=768%2C1152&amp;ssl=1 768w, https:\/\/i0.wp.com\/www.rechtsanwalt-buddeke.de\/wp-content\/uploads\/2022\/09\/0014_Stefan_Buddeke_ret-2-scaled.jpg?resize=1024%2C1536&amp;ssl=1 1024w, https:\/\/i0.wp.com\/www.rechtsanwalt-buddeke.de\/wp-content\/uploads\/2022\/09\/0014_Stefan_Buddeke_ret-2-scaled.jpg?resize=1365%2C2048&amp;ssl=1 1365w, https:\/\/i0.wp.com\/www.rechtsanwalt-buddeke.de\/wp-content\/uploads\/2022\/09\/0014_Stefan_Buddeke_ret-2-scaled.jpg?w=1707&amp;ssl=1 1707w\" sizes=\"auto, (max-width: 683px) 100vw, 683px\" \/><\/figure>\n<\/div>\n<\/div>\n\n\n\n<p class=\"gtfy-18\"><\/p>\n\n\n\n<h3 class=\"wp-block-heading gtfy-21\">\u00a7 <strong>Zust\u00e4ndige Aufsichtsbeh\u00f6rde und zust\u00e4ndige Kammer<\/strong><\/h3>\n\n\n\n<p class=\"gtfy-24\">Rechtsanwaltskammer&nbsp;f\u00fcr den Oberlandesgerichtsbezirk Oldenburg<br>Staugraben 5<br>26122 Oldenburg<br>Telefon +49(0441)92 5430<br>Telefax +49(0441)9254329<br>E-Mail:&nbsp;info(at)rak-oldenburg.de<br>Internet: <a rel=\"noreferrer noopener\" href=\"http:\/\/www.rak-oldenburg.de\" target=\"_blank\">www.rak-oldenburg.de<\/a><\/p>\n\n\n\n<h3 class=\"wp-block-heading gtfy-27\">\u00a7 <strong>Zust\u00e4ndige Datenschutzbeh\u00f6rde<\/strong><\/h3>\n\n\n\n<p class=\"gtfy-30\">Die Landesbeauftragte f\u00fcr den Datenschutz Niedersachsen<br>Barbara Thiel<br>Prinzenstra\u00dfe 5<br>30159 Hannover<br>Telefon: 05 11\/120-45 00<br>Telefax: 05 11\/120-45 99<br>E-Mail: poststelle(at)lfd.niedersachsen.de<br>Homepage: <a rel=\"noreferrer noopener\" href=\"http:\/\/www.lfd.niedersachsen.de\" target=\"_blank\">http:\/\/www.lfd.niedersachsen.de<\/a><\/p>\n\n\n\n<h3 class=\"wp-block-heading gtfy-33\">\u00a7 <strong>Berufsrechtliche Regelungen<\/strong><\/h3>\n\n\n\n<p class=\"gtfy-36\">Es gelten nachfolgende berufsrechtliche Regelungen:<\/p>\n\n\n\n<ul class=\"wp-block-list gtfy-44\">\n<li class=\"gtfy-39 gutenify-list-item\">die Bundesrechtsanwaltsordnung (BRAO)<\/li>\n\n\n\n<li class=\"gtfy-40 gutenify-list-item\">die Berufsordnung der Rechtsanw\u00e4lte (BORA)<\/li>\n\n\n\n<li class=\"gtfy-41 gutenify-list-item\">das Gesetz \u00fcber die Verg\u00fctung der Rechtsanw\u00e4ltinnen und Rechtsanw\u00e4lte (Rechtsanwaltsverg\u00fctungsgesetz &#8211; RVG)<\/li>\n\n\n\n<li class=\"gtfy-42 gutenify-list-item\">die Fachanwaltsordnung (FAO)<\/li>\n\n\n\n<li class=\"gtfy-43 gutenify-list-item\">die Berufsregeln der Rechtsanw\u00e4lte der Europ\u00e4ischen Gemeinschaft (CCBE-Berufsregeln)<\/li>\n<\/ul>\n\n\n\n<p class=\"gtfy-47\">Die berufsrechtlichen Regelungen k\u00f6nnen auf den Internet-Seiten der Bundesrechtsanwaltskammer <a href=\"http:\/\/www.brak.de\" target=\"_blank\" rel=\"noreferrer noopener\">www.brak.de<\/a> abgerufen werden.<\/p>\n\n\n\n<h3 class=\"wp-block-heading gtfy-50\">\u00a7 <strong>Streitschlichtung<\/strong><\/h3>\n\n\n\n<p class=\"gtfy-53\">Im Falle von Streitigkeiten zwischen Rechtsanw\u00e4lten und ihren Auftraggebern besteht gem\u00e4\u00df \u00a7 73 Abs. 2 Nr. 3 i.V.m. \u00a7 73 Abs. 5 BRAO auf Antrag die M\u00f6glichkeit der au\u00dfergerichtlichen Streitschlichtung bei der Rechtsanwaltskammer Oldenburg oder bei der Schlichtungsstelle der Rechtsanwaltschaft&nbsp; bei der Bundesrechtsanwaltskammer, \u00a7 191f BRAO. Weiter Informationen erhalten Sie im Internet unter <a rel=\"noreferrer noopener\" href=\"http:\/\/www.brak.de\/fuer-verbraucher\/schlichtung\" target=\"_blank\">http:\/\/www.brak.de\/fuer-verbraucher\/schlichtung<\/a>.<\/p>\n\n\n\n<h3 class=\"wp-block-heading gtfy-56\">&nbsp;\u00a7 <strong>Berufshaftpflichtversicherung<\/strong><\/h3>\n\n\n\n<p class=\"gtfy-59\">Rechtsanw\u00e4ltinnen und Rechtsanw\u00e4lte sind aufgrund der Bundesrechtsanwaltsordnung verpflichtet, eine Berufshaftpflichtversicherung mit einer Mindestversicherungssumme von 250.000 Euro zu unterhalten. Die Einzelheiten ergeben sich aus \u00a7 51 BRAO.<\/p>\n\n\n\n<p class=\"gtfy-62\">Herr Rechtsanwalt Buddeke unterh\u00e4lt eine entsprechende Berufshaftpflichtversicherung bei der VGH Versicherungen, Schiffgraben 4, 30159 Hannover.<\/p>\n\n\n\n<h3 class=\"wp-block-heading gtfy-65\"><strong>\u00a7 Haftung f\u00fcr Inhalte<\/strong><\/h3>\n\n\n\n<p class=\"gtfy-68\">Als Diensteanbieter sind wir gem\u00e4\u00df \u00a7 7 Abs.1 TMG f\u00fcr eigene Inhalte auf diesen Seiten nach den allgemeinen Gesetzen verantwortlich. Nach \u00a7\u00a7 8 bis 10 TMG sind wir als Diensteanbieter jedoch nicht verpflichtet, \u00fcbermittelte oder gespeicherte fremde Informationen zu \u00fcberwachen oder nach Umst\u00e4nden zu forschen, die auf eine rechtswidrige T\u00e4tigkeit hinweisen.<\/p>\n\n\n\n<p class=\"gtfy-71\">Verpflichtungen zur Entfernung oder Sperrung der Nutzung von Informationen nach den allgemeinen Gesetzen bleiben hiervon unber\u00fchrt. Eine diesbez\u00fcgliche Haftung ist jedoch erst ab dem Zeitpunkt der Kenntnis einer konkreten Rechtsverletzung m\u00f6glich. Bei Bekanntwerden von entsprechenden Rechtsverletzungen werden wir diese Inhalte umgehend entfernen.<\/p>\n\n\n\n<h3 class=\"wp-block-heading gtfy-74\"><strong>\u00a7&nbsp;<\/strong><strong>Haftung f\u00fcr Links<\/strong><\/h3>\n\n\n\n<p class=\"gtfy-77\">F\u00fcr Links zu externen Websites von Dritten, auf deren Inhalte wir keinen Einfluss haben, k\u00f6nnen wir keine Gew\u00e4hr \u00fcbernehmen. F\u00fcr die Inhalte der verlinkten Seiten ist stets der jeweilige Anbieter oder Betreiber der Seiten verantwortlich. Die verlinkten Seiten wurden zum Zeitpunkt der Verlinkung auf m\u00f6gliche Rechtsverst\u00f6\u00dfe \u00fcberpr\u00fcft und Rechtswidrige Inhalte waren zum Zeitpunkt der Verlinkung nicht erkennbar.<\/p>\n\n\n\n<p class=\"gtfy-80\">Eine permanente inhaltliche Kontrolle der verlinkten Seiten ist jedoch ohne konkrete Anhaltspunkte einer Rechtsverletzung nicht zumutbar. Bei Bekanntwerden von Rechtsverletzungen werden wir derartige Links umgehend entfernen.<\/p>\n\n\n\n<h3 class=\"wp-block-heading gtfy-83\"><strong>\u00a7&nbsp;<\/strong><strong>Urheberrechte<\/strong><\/h3>\n\n\n\n<p class=\"gtfy-86\">Die durch uns erstellten Inhalte und Werke auf diesen Seiten unterliegen dem deutschen Urheberrecht. Die Vervielf\u00e4ltigung, Bearbeitung, Verbreitung und jede Art der Verwertung au\u00dferhalb der Grenzen des Urheberrechtes bed\u00fcrfen der schriftlichen Zustimmung des jeweiligen Autors bzw. Erstellers. Downloads und Kopien dieser Seite sind nur f\u00fcr den privaten, nicht kommerziellen Gebrauch gestattet.<\/p>\n\n\n\n<p class=\"gtfy-89\">Soweit die Inhalte auf dieser Seite nicht vom Betreiber erstellt wurden, werden die Urheberrechte Dritter beachtet. Insbesondere werden Inhalte Dritter als solche gekennzeichnet. Sollten Sie trotzdem auf eine Urheberrechtsverletzung aufmerksam werden, bitten wir um einen entsprechenden Hinweis. Bei Bekanntwerden von Rechtsverletzungen werden wir derartige Inhalte umgehend entfernen.<\/p>\n","protected":false},"excerpt":{"rendered":"<p>Impressum mit Angaben gem\u00e4\u00df \u00a7 5 TMG Rechtsanwalt Stefan Buddeke Rechtsanwaltskanzlei Buddeke Gro\u00dfe Strasse 6749074 [&hellip;]<\/p>\n","protected":false},"author":1,"featured_media":0,"parent":0,"menu_order":0,"comment_status":"closed","ping_status":"closed","template":"","meta":{"advanced_seo_description":"","jetpack_seo_html_title":"","jetpack_seo_noindex":false,"footnotes":""},"class_list":["post-136","page","type-page","status-publish","hentry"],"jetpack_sharing_enabled":true,"_links":{"self":[{"href":"https:\/\/www.rechtsanwalt-buddeke.de\/index.php\/wp-json\/wp\/v2\/pages\/136","targetHints":{"allow":["GET"]}}],"collection":[{"href":"https:\/\/www.rechtsanwalt-buddeke.de\/index.php\/wp-json\/wp\/v2\/pages"}],"about":[{"href":"https:\/\/www.rechtsanwalt-buddeke.de\/index.php\/wp-json\/wp\/v2\/types\/page"}],"author":[{"embeddable":true,"href":"https:\/\/www.rechtsanwalt-buddeke.de\/index.php\/wp-json\/wp\/v2\/users\/1"}],"replies":[{"embeddable":true,"href":"https:\/\/www.rechtsanwalt-buddeke.de\/index.php\/wp-json\/wp\/v2\/comments?post=136"}],"version-history":[{"count":10,"href":"https:\/\/www.rechtsanwalt-buddeke.de\/index.php\/wp-json\/wp\/v2\/pages\/136\/revisions"}],"predecessor-version":[{"id":482,"href":"https:\/\/www.rechtsanwalt-buddeke.de\/index.php\/wp-json\/wp\/v2\/pages\/136\/revisions\/482"}],"wp:attachment":[{"href":"https:\/\/www.rechtsanwalt-buddeke.de\/index.php\/wp-json\/wp\/v2\/media?parent=136"}],"curies":[{"name":"wp","href":"https:\/\/api.w.org\/{rel}","templated":true}]}}