{"id":118,"date":"2022-09-18T12:53:05","date_gmt":"2022-09-18T12:53:05","guid":{"rendered":"https:\/\/www.rechtsanwalt-buddeke.de\/?page_id=118"},"modified":"2022-09-26T21:36:00","modified_gmt":"2022-09-26T21:36:00","slug":"hochschulrecht-pruefungsrecht-und-studienplatzklagen","status":"publish","type":"page","link":"https:\/\/www.rechtsanwalt-buddeke.de\/index.php\/hochschulrecht-pruefungsrecht-und-studienplatzklagen\/","title":{"rendered":"Hochschulrecht, Pr\u00fcfungsrecht und Studienplatzklagen"},"content":{"rendered":"\n<h2 class=\"wp-block-heading gtfy-1\">Studienplatzklagen &#8211; ich wei\u00df, worauf es jetzt ankommt<\/h2>\n\n\n\n<div class=\"wp-block-columns is-layout-flex wp-container-core-columns-is-layout-28f84493 wp-block-columns-is-layout-flex gtfy-9\">\n<div class=\"wp-block-column is-layout-flow wp-block-column-is-layout-flow gtfy-6\">\n<p class=\"gtfy-4\">Sie haben sich um einen\u00a0<strong>Studienplatz<\/strong>\u00a0beworben und eine Ablehnung erhalten? <\/p>\n\n\n\n<p class=\"gtfy-5\">Ihren Studienwunsch m\u00fcssen Sie nicht aufgeben, wenn Sie sich jetzt mit mir in Verbindung setzen. Denn eine Ablehnung ist nicht immer endg\u00fcltig und ich kann h\u00e4ufig noch auf dem Rechtsweg einen Studienplatz erwirken.<\/p>\n<\/div>\n\n\n\n<div class=\"wp-block-column is-layout-flow wp-block-column-is-layout-flow gtfy-8\">\n<p class=\"gtfy-7\">Denn die durch<strong>\u00a0Art. 12 GG<\/strong>\u00a0gesicherte Berufsfreiheit bedeutet, dass jeder das Recht auf eine freie Studienwahl hat, wenn er die grunds\u00e4tzlichen Voraussetzungen erf\u00fcllt. Eine Ablehnung ist nicht erlaubt, wenn noch Kapazit\u00e4ten frei sind und auch aus anderen willk\u00fcrlichen Gr\u00fcnden darf keine Ablehnung erfolgen. Ich vertreten Ihre Interessen bundesweit, damit Sie doch noch zu einem Studienplatz gelangen.<\/p>\n<\/div>\n<\/div>\n\n\n\n<div class=\"wp-block-columns is-layout-flex wp-container-core-columns-is-layout-28f84493 wp-block-columns-is-layout-flex gtfy-22\">\n<div class=\"wp-block-column is-layout-flow wp-block-column-is-layout-flow gtfy-16\">\n<h3 class=\"wp-block-heading gtfy-12\">Studienplatzklagen &#8211; Bundesweit im Einsatz f\u00fcr alle Bewerber<\/h3>\n\n\n\n<p class=\"gtfy-13\">Im Rahmen der Studienplatzklagen lege ich Widerspruch gegen den ablehnenden Bescheid ein, k\u00fcmmere mich um Ihren Antrag auf\u00a0<strong>au\u00dferkapazit\u00e4re Zulassung zum Studium<\/strong>\u00a0und klagen gegen den ablehnenden Bescheid und auf Zulassung zum Studium vor dem zust\u00e4ndigen Verwaltungsgericht.<\/p>\n\n\n\n<p class=\"gtfy-14\">Zu meinen Leistungen geh\u00f6rt auch der Antrag auf Erlass einer einstweiligen Anordnung vor dem Verwaltungsgericht. <\/p>\n\n\n\n<p class=\"gtfy-15\">Achtung, denken Sie bitte an bestehende Fristen. Ist die Frist verstrichen, ist ein erfolgreiches Vorgehen nicht mehr m\u00f6glich. Teilweise laufen die Fristen sogar vor Erhalt des negativen Bescheids ab. Daher sollten Sie meine\u00a0<strong>Anwaltskanzlei<\/strong>\u00a0rechtzeitig kontaktieren, damit ich eine\u00a0<strong>wirkungsvolle Strategie<\/strong>\u00a0f\u00fcr Sie entwickeln kann.<\/p>\n<\/div>\n\n\n\n<div class=\"wp-block-column is-layout-flow wp-block-column-is-layout-flow gtfy-21\">\n<h3 class=\"wp-block-heading gtfy-17\">Pr\u00fcfungsrecht \u2013 ich kenne mich mit allen Details aus<\/h3>\n\n\n\n<p class=\"gtfy-18\">Ich k\u00fcmmere mich um das Pr\u00fcfungsrecht und sehe mir an, ob ein Nichtbestehen der Pr\u00fcfung wirklich rechtm\u00e4\u00dfig war. Mine Leistung in diesem Bereich ist auch bei Plagiaten und T\u00e4uschungsversuchen relevant. Melden Sie sich zeitnah bei mir, damit ich Ihnen im Pr\u00fcfungsrecht helfen kann.<\/p>\n\n\n\n<p class=\"gtfy-19\">Meine Arbeit bezieht sich auch auf die Themen F\u00fchrung akademischer Grade, die Vertretung von Fachschaften oder die\u00a0<strong>Pr\u00fcfungszulassung<\/strong>\u00a0sowie die Zulassung zu Lehrveranstaltungen. Ich kann Ihnen bei diesen Fragen umfassend helfen.<\/p>\n\n\n\n<p class=\"gtfy-20\">Nehmen Sie jetzt\u00a0<a href=\"https:\/\/www.rechtsanwalt-buddeke\/kontakt\/\">Kontakt<\/a>\u00a0zu mir auf, ich f\u00fchre Ihre Studienplatzklagen!<\/p>\n<\/div>\n<\/div>\n","protected":false},"excerpt":{"rendered":"<p>Studienplatzklagen &#8211; ich wei\u00df, worauf es jetzt ankommt Sie haben sich um einen\u00a0Studienplatz\u00a0beworben und eine [&hellip;]<\/p>\n","protected":false},"author":1,"featured_media":0,"parent":0,"menu_order":0,"comment_status":"closed","ping_status":"closed","template":"","meta":{"advanced_seo_description":"","jetpack_seo_html_title":"","jetpack_seo_noindex":false,"footnotes":""},"class_list":["post-118","page","type-page","status-publish","hentry"],"jetpack_sharing_enabled":true,"_links":{"self":[{"href":"https:\/\/www.rechtsanwalt-buddeke.de\/index.php\/wp-json\/wp\/v2\/pages\/118","targetHints":{"allow":["GET"]}}],"collection":[{"href":"https:\/\/www.rechtsanwalt-buddeke.de\/index.php\/wp-json\/wp\/v2\/pages"}],"about":[{"href":"https:\/\/www.rechtsanwalt-buddeke.de\/index.php\/wp-json\/wp\/v2\/types\/page"}],"author":[{"embeddable":true,"href":"https:\/\/www.rechtsanwalt-buddeke.de\/index.php\/wp-json\/wp\/v2\/users\/1"}],"replies":[{"embeddable":true,"href":"https:\/\/www.rechtsanwalt-buddeke.de\/index.php\/wp-json\/wp\/v2\/comments?post=118"}],"version-history":[{"count":6,"href":"https:\/\/www.rechtsanwalt-buddeke.de\/index.php\/wp-json\/wp\/v2\/pages\/118\/revisions"}],"predecessor-version":[{"id":270,"href":"https:\/\/www.rechtsanwalt-buddeke.de\/index.php\/wp-json\/wp\/v2\/pages\/118\/revisions\/270"}],"wp:attachment":[{"href":"https:\/\/www.rechtsanwalt-buddeke.de\/index.php\/wp-json\/wp\/v2\/media?parent=118"}],"curies":[{"name":"wp","href":"https:\/\/api.w.org\/{rel}","templated":true}]}}